{"id":9,"date":"2022-12-15T14:15:47","date_gmt":"2022-12-15T13:15:47","guid":{"rendered":"http:\/\/zywiec-adwokat.pl\/?page_id=9"},"modified":"2023-10-10T21:24:27","modified_gmt":"2023-10-10T19:24:27","slug":"one-page-express","status":"publish","type":"page","link":"https:\/\/zywiec-adwokat.pl\/","title":{"rendered":"Front Page"},"content":{"rendered":"<div  data-label=\"Overlapable\" data-id=\"stripped-coloured-icon-boxes\" data-category=\"overlapable\" class=\"features-coloured-icon-boxes-section stripped-coloured-icon-boxes\" data-overlap=\"true\" id=\"overlapable-2\" style=\"background-color: rgb(255, 255, 255);\"> <div  class=\"gridContainer\"> <div  class=\"features-coloured-icon-boxes-innerrow flexbox-list dark-text\" data-type=\"row\"> <div  class=\"features-coloured-icon-boxes-featurecol cp3cols\"> <div  class=\"features-coloured-icon-boxes-iconcontainer\" data-content-item-container=\"true\"> <i  data-cp-fa=\"true\" class=\"features-coloured-icon fa fa-phone-square\"><\/i> <\/div> <h4  class=\"\">Zapraszamy do kontaktu<\/h4> <p  class=\"\">Telefon:<br >600-396-225\n<br >Adres:\n<br >ul. 3 maja 14\/6\n<br >34-300 \u017bywiec<\/p> <a class=\"features-coloured-button\" href=\"tel:+48600396225\" target=\"_self\" rel=\"noopener\">Po\u0142\u0105cz<\/a> <\/div>    <\/div> <\/div><\/div><div  data-label=\"Content\" data-id=\"content-image-right\" data-category=\"content\" class=\"content-right-image-section content-image-right\" id=\"content-4\" style=\"background-color: rgb(246, 246, 246);\"> <div  class=\"gridContainer\"> <div  class=\"content-right-image-gridcol\"> <div  class=\"content-right-image-textcol dynamic-color\" data-type=\"column\"> <h2  class=\"\">Adres kancelarii<\/h2> <p  class=\"large_text\"> ul. 3 Maja 14\/6\n<br >34-300 \u017bywiec<\/p>  <\/div> <div  class=\"content-right-image-imgcol\" data-type=\"column\"><i  class=\"fa cp-icon fa1 fa-map-marker\"><\/i>  <\/div> <\/div> <\/div> <\/div>","protected":false},"excerpt":{"rendered":"<p>Zapraszamy do kontaktu Telefon:600-396-225 Adres: ul. 3 maja 14\/6 34-300 \u017bywiec Po\u0142\u0105cz Adres kancelarii ul. 3 Maja 14\/6 34-300 \u017bywiec<\/p>\n","protected":false},"author":1,"featured_media":0,"parent":0,"menu_order":0,"comment_status":"closed","ping_status":"closed","template":"","meta":{"footnotes":""},"class_list":["post-9","page","type-page","status-publish","hentry"],"_links":{"self":[{"href":"https:\/\/zywiec-adwokat.pl\/index.php?rest_route=\/wp\/v2\/pages\/9","targetHints":{"allow":["GET"]}}],"collection":[{"href":"https:\/\/zywiec-adwokat.pl\/index.php?rest_route=\/wp\/v2\/pages"}],"about":[{"href":"https:\/\/zywiec-adwokat.pl\/index.php?rest_route=\/wp\/v2\/types\/page"}],"author":[{"embeddable":true,"href":"https:\/\/zywiec-adwokat.pl\/index.php?rest_route=\/wp\/v2\/users\/1"}],"replies":[{"embeddable":true,"href":"https:\/\/zywiec-adwokat.pl\/index.php?rest_route=%2Fwp%2Fv2%2Fcomments&post=9"}],"version-history":[{"count":8,"href":"https:\/\/zywiec-adwokat.pl\/index.php?rest_route=\/wp\/v2\/pages\/9\/revisions"}],"predecessor-version":[{"id":40,"href":"https:\/\/zywiec-adwokat.pl\/index.php?rest_route=\/wp\/v2\/pages\/9\/revisions\/40"}],"wp:attachment":[{"href":"https:\/\/zywiec-adwokat.pl\/index.php?rest_route=%2Fwp%2Fv2%2Fmedia&parent=9"}],"curies":[{"name":"wp","href":"https:\/\/api.w.org\/{rel}","templated":true}]}}